{"id":2160,"date":"2023-03-13T14:08:13","date_gmt":"2023-03-13T13:08:13","guid":{"rendered":"https:\/\/dev.jardindigital.com\/www.hermannrs.be\/?page_id=2160"},"modified":"2025-03-31T12:37:49","modified_gmt":"2025-03-31T10:37:49","slug":"home","status":"publish","type":"page","link":"https:\/\/www.hermannrs.be\/web\/","title":{"rendered":"Home"},"content":{"rendered":"\t\t<div data-elementor-type=\"wp-page\" data-elementor-id=\"2160\" class=\"elementor elementor-2160\">\n\t\t\t\t\t\t<section class=\"elementor-section elementor-top-section elementor-element elementor-element-e568d1d elementor-section-full_width elementor-section-height-default elementor-section-height-default\" data-id=\"e568d1d\" data-element_type=\"section\" data-e-type=\"section\">\n\t\t\t\t\t\t<div class=\"elementor-container elementor-column-gap-default\">\n\t\t\t\t\t<div class=\"elementor-column elementor-col-100 elementor-top-column elementor-element elementor-element-25416c0\" data-id=\"25416c0\" data-element_type=\"column\" data-e-type=\"column\">\n\t\t\t<div class=\"elementor-widget-wrap elementor-element-populated\">\n\t\t\t\t\t\t<div class=\"elementor-element elementor-element-14fee1a elementor-widget elementor-widget-slider_revolution\" data-id=\"14fee1a\" data-element_type=\"widget\" data-e-type=\"widget\" data-widget_type=\"slider_revolution.default\">\n\t\t\t\t<div class=\"elementor-widget-container\">\n\t\t\t\t\t\n\t\t<div class=\"wp-block-themepunch-revslider\">\n\t\t\t<!-- START Home REVOLUTION SLIDER 6.6.8 --><p class=\"rs-p-wp-fix\"><\/p>\n\t\t\t<rs-module-wrap id=\"rev_slider_1_1_wrapper\" data-source=\"gallery\" style=\"visibility:hidden;background:transparent;padding:0;margin:0px auto;margin-top:0;margin-bottom:0;\">\n\t\t\t\t<rs-module id=\"rev_slider_1_1\" style=\"\" data-version=\"6.6.8\">\n\t\t\t\t\t<rs-slides style=\"overflow: hidden; position: absolute;\">\n\t\t\t\t\t\t<rs-slide style=\"position: absolute;\" data-key=\"rs-1\" data-title=\"Slide\" data-in=\"o:0;\" data-out=\"a:false;\">\n\t\t\t\t\t\t\t<img fetchpriority=\"high\" decoding=\"async\" src=\"\/\/www.hermannrs.be\/web\/wp-content\/plugins\/revslider\/public\/assets\/assets\/dummy.png\" alt=\"\" title=\"hermann-rs-slider-1600&#215;1200\" width=\"1600\" height=\"1200\" class=\"rev-slidebg tp-rs-img rs-lazyload\" data-lazyload=\"\/\/www.hermannrs.be\/web\/wp-content\/uploads\/2023\/03\/hermann-rs-slider-1600x1200-1.png\" data-no-retina>\n<!---->\t\t\t\t\t\t<\/rs-slide>\n\t\t\t\t\t<\/rs-slides>\n\t\t\t\t<\/rs-module>\n\t\t\t\t<script>\n\t\t\t\t\tsetREVStartSize({c: 'rev_slider_1_1',rl:[1240,1024,778,480],el:[900],gw:[1240],gh:[900],type:'standard',justify:'',layout:'fullwidth',mh:\"0\"});if (window.RS_MODULES!==undefined && window.RS_MODULES.modules!==undefined && window.RS_MODULES.modules[\"revslider11\"]!==undefined) {window.RS_MODULES.modules[\"revslider11\"].once = false;window.revapi1 = undefined;if (window.RS_MODULES.checkMinimal!==undefined) window.RS_MODULES.checkMinimal()}\n\t\t\t\t<\/script>\n\t\t\t<\/rs-module-wrap>\n\t\t\t<!-- END REVOLUTION SLIDER -->\n<\/div>\n\n\t\t\t\t\t\t<\/div>\n\t\t\t\t<\/div>\n\t\t\t\t\t<\/div>\n\t\t<\/div>\n\t\t\t\t\t<\/div>\n\t\t<\/section>\n\t\t\t\t<section class=\"elementor-section elementor-top-section elementor-element elementor-element-4540ab5 elementor-section-boxed elementor-section-height-default elementor-section-height-default\" data-id=\"4540ab5\" data-element_type=\"section\" data-e-type=\"section\">\n\t\t\t\t\t\t<div class=\"elementor-container elementor-column-gap-extended\">\n\t\t\t\t\t<div class=\"elementor-column elementor-col-100 elementor-top-column elementor-element elementor-element-b144255\" data-id=\"b144255\" data-element_type=\"column\" data-e-type=\"column\">\n\t\t\t<div class=\"elementor-widget-wrap elementor-element-populated\">\n\t\t\t\t\t\t<div class=\"elementor-element elementor-element-49cae66 hover-effect-style-1 elementor-widget elementor-widget-mae-service-carousel\" data-id=\"49cae66\" data-element_type=\"widget\" data-e-type=\"widget\" data-widget_type=\"mae-service-carousel.default\">\n\t\t\t\t<div class=\"elementor-widget-container\">\n\t\t\t\t\t\n        <div class=\"master-carousel-box mlr-53164304\" data-config='{\"column\":\"3\",\"gap\":\"30px\",\"arrowPosition\":null,\"arrowMiddleOffset\":null,\"arrowTopOffset\":null,\"dotOffset\":\"60px\",\"fullRight\":false,\"autoPlay\":true,\"prevNextButtons\":false,\"pageDots\":true}'>\n                            <div class=\"master-service  item-carousel sep-before\">\n                    <div class=\"thumb\">\n                        <img decoding=\"async\" src=\"https:\/\/www.hermannrs.be\/web\/wp-content\/uploads\/2023\/03\/hermann-rs-neubauten_rohbau-600x450-1.png\" alt=\"Image\" \/>\n                    <\/div>\n\n                    <div class=\"content-wrap\">\n                        <h3 class=\"headline-2\">Neubauten &amp; Rohbau<\/h3><div class=\"sep\"><\/div>            <div class=\"url-wrap\">\n                <a class=\"master-link  icon-right\" href=\"https:\/\/www.hermannrs.be\/web\/leistungen\/neubauten-rohbau\/\" >\n                                        <span>MEHR<\/span>\n                    <span class=\"icon fa fa-arrow-right\"><\/span>                <\/a>\n            <\/div>\n\n                                <\/div>\n                <\/div>\n                            <div class=\"master-service  item-carousel sep-before\">\n                    <div class=\"thumb\">\n                        <img decoding=\"async\" src=\"https:\/\/www.hermannrs.be\/web\/wp-content\/uploads\/2023\/03\/hermann-rs-renovierung-600x450-1.png\" alt=\"Image\" \/>\n                    <\/div>\n\n                    <div class=\"content-wrap\">\n                        <h3 class=\"headline-2\">Renovierungen<\/h3><div class=\"sep\"><\/div>            <div class=\"url-wrap\">\n                <a class=\"master-link  icon-right\" href=\"https:\/\/www.hermannrs.be\/web\/leistungen\/renovierungen\/\" >\n                                        <span>MEHR<\/span>\n                    <span class=\"icon fa fa-arrow-right\"><\/span>                <\/a>\n            <\/div>\n\n                                <\/div>\n                <\/div>\n                            <div class=\"master-service  item-carousel sep-before\">\n                    <div class=\"thumb\">\n                        <img decoding=\"async\" src=\"https:\/\/www.hermannrs.be\/web\/wp-content\/uploads\/2023\/03\/hermann-rs-fundament-600x450-1.png\" alt=\"Image\" \/>\n                    <\/div>\n\n                    <div class=\"content-wrap\">\n                        <h3 class=\"headline-2\">Fundamente<\/h3><div class=\"sep\"><\/div>            <div class=\"url-wrap\">\n                <a class=\"master-link  icon-right\" href=\"https:\/\/www.hermannrs.be\/web\/leistungen\/fundamente\/\" >\n                                        <span>MEHR<\/span>\n                    <span class=\"icon fa fa-arrow-right\"><\/span>                <\/a>\n            <\/div>\n\n                                <\/div>\n                <\/div>\n                            <div class=\"master-service  item-carousel sep-before\">\n                    <div class=\"thumb\">\n                        <img decoding=\"async\" src=\"https:\/\/www.hermannrs.be\/web\/wp-content\/uploads\/2023\/03\/hermann-rs-aussenanlage-600x450-1.png\" alt=\"Image\" \/>\n                    <\/div>\n\n                    <div class=\"content-wrap\">\n                        <h3 class=\"headline-2\">Au\u00dfenanlagen<\/h3><div class=\"sep\"><\/div>            <div class=\"url-wrap\">\n                <a class=\"master-link  icon-right\" href=\"https:\/\/www.hermannrs.be\/web\/leistungen\/aussenanlagen\/\" >\n                                        <span>MEHR<\/span>\n                    <span class=\"icon fa fa-arrow-right\"><\/span>                <\/a>\n            <\/div>\n\n                                <\/div>\n                <\/div>\n                            <div class=\"master-service  item-carousel sep-before\">\n                    <div class=\"thumb\">\n                        <img decoding=\"async\" src=\"https:\/\/www.hermannrs.be\/web\/wp-content\/uploads\/2023\/03\/hermann-rs-baggerarbeiten-600x450-1.png\" alt=\"Image\" \/>\n                    <\/div>\n\n                    <div class=\"content-wrap\">\n                        <h3 class=\"headline-2\">Erdarbeiten &amp; Abrissarbeiten<\/h3><div class=\"sep\"><\/div>            <div class=\"url-wrap\">\n                <a class=\"master-link  icon-right\" href=\"https:\/\/www.hermannrs.be\/web\/leistungen\/erdarbeiten-abrissarbeiten\/\" >\n                                        <span>MEHR<\/span>\n                    <span class=\"icon fa fa-arrow-right\"><\/span>                <\/a>\n            <\/div>\n\n                                <\/div>\n                <\/div>\n                            <div class=\"master-service  item-carousel sep-before\">\n                    <div class=\"thumb\">\n                        <img decoding=\"async\" src=\"https:\/\/www.hermannrs.be\/web\/wp-content\/uploads\/2023\/03\/hermann-rs-klaeranlagen-600x450-1.png\" alt=\"Image\" \/>\n                    <\/div>\n\n                    <div class=\"content-wrap\">\n                        <h3 class=\"headline-2\">Kl\u00e4ranlagen und Wasserzisternen<\/h3><div class=\"sep\"><\/div>            <div class=\"url-wrap\">\n                <a class=\"master-link  icon-right\" href=\"https:\/\/www.hermannrs.be\/web\/leistungen\/klaeranlagen-wasserzisterne\/\" >\n                                        <span>MEHR<\/span>\n                    <span class=\"icon fa fa-arrow-right\"><\/span>                <\/a>\n            <\/div>\n\n                                <\/div>\n                <\/div>\n                    <\/div>\n\n        \t\t\t\t<\/div>\n\t\t\t\t<\/div>\n\t\t\t\t\t<\/div>\n\t\t<\/div>\n\t\t\t\t\t<\/div>\n\t\t<\/section>\n\t\t\t\t<section class=\"elementor-section elementor-top-section elementor-element elementor-element-39a3610 elementor-section-boxed elementor-section-height-default elementor-section-height-default\" data-id=\"39a3610\" data-element_type=\"section\" data-e-type=\"section\">\n\t\t\t\t\t\t<div class=\"elementor-container elementor-column-gap-default\">\n\t\t\t\t\t<div class=\"elementor-column elementor-col-100 elementor-top-column elementor-element elementor-element-fc1fb40\" data-id=\"fc1fb40\" data-element_type=\"column\" data-e-type=\"column\">\n\t\t\t<div class=\"elementor-widget-wrap elementor-element-populated\">\n\t\t\t\t\t\t<div class=\"elementor-element elementor-element-f698d86 elementor-widget elementor-widget-spacer\" data-id=\"f698d86\" data-element_type=\"widget\" data-e-type=\"widget\" data-widget_type=\"spacer.default\">\n\t\t\t\t<div class=\"elementor-widget-container\">\n\t\t\t\t\t\t\t<div class=\"elementor-spacer\">\n\t\t\t<div class=\"elementor-spacer-inner\"><\/div>\n\t\t<\/div>\n\t\t\t\t\t\t<\/div>\n\t\t\t\t<\/div>\n\t\t\t\t<div class=\"elementor-element elementor-element-cf1a8d4 align-center elementor-widget elementor-widget-mae-headings\" data-id=\"cf1a8d4\" data-element_type=\"widget\" data-e-type=\"widget\" data-widget_type=\"mae-headings.default\">\n\t\t\t\t<div class=\"elementor-widget-container\">\n\t\t\t\t\t\t\t<div class=\"master-heading\">\n\t        \t            <div class=\"pre-heading\">Hermann R&S Bau PGmbH<\/div>\n\t        \n\t        \t        <h2 class=\"main-heading\">Ihr zuverl\u00e4ssiger Partner f\u00fcr all Ihre Bauprojekte, von Au\u00dfen- bis hin zu Mauerarbeiten, alles ist m\u00f6glich.<\/h2>\n\t        \n\t        \n\t        \t    <\/div>\n\t    \t\t\t\t<\/div>\n\t\t\t\t<\/div>\n\t\t\t\t<div class=\"elementor-element elementor-element-b8b0e8c elementor-widget elementor-widget-spacer\" data-id=\"b8b0e8c\" data-element_type=\"widget\" data-e-type=\"widget\" data-widget_type=\"spacer.default\">\n\t\t\t\t<div class=\"elementor-widget-container\">\n\t\t\t\t\t\t\t<div class=\"elementor-spacer\">\n\t\t\t<div class=\"elementor-spacer-inner\"><\/div>\n\t\t<\/div>\n\t\t\t\t\t\t<\/div>\n\t\t\t\t<\/div>\n\t\t\t\t\t<\/div>\n\t\t<\/div>\n\t\t\t\t\t<\/div>\n\t\t<\/section>\n\t\t\t\t<section class=\"elementor-section elementor-top-section elementor-element elementor-element-e1f41ca elementor-section-boxed elementor-section-height-default elementor-section-height-default\" data-id=\"e1f41ca\" data-element_type=\"section\" data-e-type=\"section\">\n\t\t\t\t\t\t<div class=\"elementor-container elementor-column-gap-default\">\n\t\t\t\t\t<div class=\"elementor-column elementor-col-100 elementor-top-column elementor-element elementor-element-af611e8\" data-id=\"af611e8\" data-element_type=\"column\" data-e-type=\"column\">\n\t\t\t<div class=\"elementor-widget-wrap elementor-element-populated\">\n\t\t\t\t\t\t<section class=\"elementor-section elementor-inner-section elementor-element elementor-element-c07422a elementor-section-content-bottom elementor-section-boxed elementor-section-height-default elementor-section-height-default\" data-id=\"c07422a\" data-element_type=\"section\" data-e-type=\"section\">\n\t\t\t\t\t\t<div class=\"elementor-container elementor-column-gap-default\">\n\t\t\t\t\t<div class=\"elementor-column elementor-col-50 elementor-inner-column elementor-element elementor-element-0ae3ab7\" data-id=\"0ae3ab7\" data-element_type=\"column\" data-e-type=\"column\">\n\t\t\t<div class=\"elementor-widget-wrap elementor-element-populated\">\n\t\t\t\t\t\t<div class=\"elementor-element elementor-element-4c60c39 elementor-widget elementor-widget-image\" data-id=\"4c60c39\" data-element_type=\"widget\" data-e-type=\"widget\" data-widget_type=\"image.default\">\n\t\t\t\t<div class=\"elementor-widget-container\">\n\t\t\t\t\t\t\t\t\t\t\t\t\t\t\t<img decoding=\"async\" width=\"1024\" height=\"683\" src=\"https:\/\/www.hermannrs.be\/web\/wp-content\/uploads\/2023\/03\/architectural-construction-plans-paper-on-table-cl-2021-09-03-04-16-54-utc-1024x683.jpg\" class=\"attachment-large size-large wp-image-2293\" alt=\"\" srcset=\"https:\/\/www.hermannrs.be\/web\/wp-content\/uploads\/2023\/03\/architectural-construction-plans-paper-on-table-cl-2021-09-03-04-16-54-utc-1024x683.jpg 1024w, https:\/\/www.hermannrs.be\/web\/wp-content\/uploads\/2023\/03\/architectural-construction-plans-paper-on-table-cl-2021-09-03-04-16-54-utc-300x200.jpg 300w, https:\/\/www.hermannrs.be\/web\/wp-content\/uploads\/2023\/03\/architectural-construction-plans-paper-on-table-cl-2021-09-03-04-16-54-utc-768x512.jpg 768w, https:\/\/www.hermannrs.be\/web\/wp-content\/uploads\/2023\/03\/architectural-construction-plans-paper-on-table-cl-2021-09-03-04-16-54-utc-1536x1024.jpg 1536w, https:\/\/www.hermannrs.be\/web\/wp-content\/uploads\/2023\/03\/architectural-construction-plans-paper-on-table-cl-2021-09-03-04-16-54-utc-2048x1365.jpg 2048w, https:\/\/www.hermannrs.be\/web\/wp-content\/uploads\/2023\/03\/architectural-construction-plans-paper-on-table-cl-2021-09-03-04-16-54-utc-535x357.jpg 535w\" sizes=\"(max-width: 1024px) 100vw, 1024px\" \/>\t\t\t\t\t\t\t\t\t\t\t\t\t\t\t<\/div>\n\t\t\t\t<\/div>\n\t\t\t\t\t<\/div>\n\t\t<\/div>\n\t\t\t\t<div class=\"elementor-column elementor-col-50 elementor-inner-column elementor-element elementor-element-0004979\" data-id=\"0004979\" data-element_type=\"column\" data-e-type=\"column\">\n\t\t\t<div class=\"elementor-widget-wrap elementor-element-populated\">\n\t\t\t\t\t\t<div class=\"elementor-element elementor-element-61c72e9 elementor-widget elementor-widget-text-editor\" data-id=\"61c72e9\" data-element_type=\"widget\" data-e-type=\"widget\" data-widget_type=\"text-editor.default\">\n\t\t\t\t<div class=\"elementor-widget-container\">\n\t\t\t\t\t\t\t\t\t<p>Sie ben\u00f6tigen ein zuverl\u00e4ssiges Bauunternehmen f\u00fcr Ihr Bauprojekt und m\u00f6chten ein individuelles Angebot erhalten? Dann sind Sie bei uns genau richtig!<\/p><p>Wir freuen uns darauf, Sie bei Ihrem Bauprojekt zu unterst\u00fctzen!<\/p>\t\t\t\t\t\t\t\t<\/div>\n\t\t\t\t<\/div>\n\t\t\t\t<div class=\"elementor-element elementor-element-4f124e4 align--tabletleft align-left elementor-widget elementor-widget-mae-button\" data-id=\"4f124e4\" data-element_type=\"widget\" data-e-type=\"widget\" data-widget_type=\"mae-button.default\">\n\t\t\t\t<div class=\"elementor-widget-container\">\n\t\t\t\t\t\n        <a class=\"master-button btn-outline icon-right medium\" href=\"https:\/\/www.hermannrs.be\/web\/projekte\/\" >\n                        <span>Unsere Projekte<\/span>\n            <span class=\"icon fa fa-arrow-right\"><\/span>        <\/a>\n\n        \t\t\t\t<\/div>\n\t\t\t\t<\/div>\n\t\t\t\t\t<\/div>\n\t\t<\/div>\n\t\t\t\t\t<\/div>\n\t\t<\/section>\n\t\t\t\t<div class=\"elementor-element elementor-element-70907b9 elementor-widget elementor-widget-spacer\" data-id=\"70907b9\" data-element_type=\"widget\" data-e-type=\"widget\" data-widget_type=\"spacer.default\">\n\t\t\t\t<div class=\"elementor-widget-container\">\n\t\t\t\t\t\t\t<div class=\"elementor-spacer\">\n\t\t\t<div class=\"elementor-spacer-inner\"><\/div>\n\t\t<\/div>\n\t\t\t\t\t\t<\/div>\n\t\t\t\t<\/div>\n\t\t\t\t\t<\/div>\n\t\t<\/div>\n\t\t\t\t\t<\/div>\n\t\t<\/section>\n\t\t\t\t<section class=\"elementor-section elementor-top-section elementor-element elementor-element-5fa0fa6 elementor-section-boxed elementor-section-height-default elementor-section-height-default\" data-id=\"5fa0fa6\" data-element_type=\"section\" data-e-type=\"section\">\n\t\t\t\t\t\t<div class=\"elementor-container elementor-column-gap-default\">\n\t\t\t\t\t<div class=\"elementor-column elementor-col-100 elementor-top-column elementor-element elementor-element-309bb84\" data-id=\"309bb84\" data-element_type=\"column\" data-e-type=\"column\">\n\t\t\t<div class=\"elementor-widget-wrap elementor-element-populated\">\n\t\t\t\t\t\t<div class=\"elementor-element elementor-element-4d555a1 elementor-widget elementor-widget-text-editor\" data-id=\"4d555a1\" data-element_type=\"widget\" data-e-type=\"widget\" data-widget_type=\"text-editor.default\">\n\t\t\t\t<div class=\"elementor-widget-container\">\n\t\t\t\t\t\t\t\t\t \t\t\t\t\t\t\t\t<\/div>\n\t\t\t\t<\/div>\n\t\t\t\t\t<\/div>\n\t\t<\/div>\n\t\t\t\t\t<\/div>\n\t\t<\/section>\n\t\t\t\t<section class=\"elementor-section elementor-top-section elementor-element elementor-element-7f104ee elementor-section-boxed elementor-section-height-default elementor-section-height-default\" data-id=\"7f104ee\" data-element_type=\"section\" data-e-type=\"section\">\n\t\t\t\t\t\t<div class=\"elementor-container elementor-column-gap-default\">\n\t\t\t\t\t<div class=\"elementor-column elementor-col-100 elementor-top-column elementor-element elementor-element-1c13a64\" data-id=\"1c13a64\" data-element_type=\"column\" data-e-type=\"column\">\n\t\t\t<div class=\"elementor-widget-wrap elementor-element-populated\">\n\t\t\t\t\t\t<div class=\"elementor-element elementor-element-f206999 elementor-widget elementor-widget-text-editor\" data-id=\"f206999\" data-element_type=\"widget\" data-e-type=\"widget\" data-widget_type=\"text-editor.default\">\n\t\t\t\t<div class=\"elementor-widget-container\">\n\t\t\t\t\t\t\t\t\t \t\t\t\t\t\t\t\t<\/div>\n\t\t\t\t<\/div>\n\t\t\t\t\t<\/div>\n\t\t<\/div>\n\t\t\t\t\t<\/div>\n\t\t<\/section>\n\t\t\t\t<\/div>\n\t\t","protected":false},"excerpt":{"rendered":"<p>Neubauten &amp; Rohbau MEHR Renovierungen MEHR Fundamente MEHR Au\u00dfenanlagen MEHR Erdarbeiten &amp; Abrissarbeiten MEHR Kl\u00e4ranlagen und Wasserzisternen MEHR Hermann R&#038;S Bau PGmbH Ihr zuverl\u00e4ssiger Partner f\u00fcr all Ihre Bauprojekte, von Au\u00dfen- bis hin zu Mauerarbeiten, alles ist m\u00f6glich. Sie ben\u00f6tigen ein zuverl\u00e4ssiges Bauunternehmen f\u00fcr Ihr Bauprojekt und m\u00f6chten ein individuelles<\/p>\n","protected":false},"author":1,"featured_media":0,"parent":0,"menu_order":0,"comment_status":"closed","ping_status":"closed","template":"","meta":{"footnotes":""},"class_list":["post-2160","page","type-page","status-publish","hentry"],"aioseo_notices":[],"_links":{"self":[{"href":"https:\/\/www.hermannrs.be\/web\/wp-json\/wp\/v2\/pages\/2160","targetHints":{"allow":["GET"]}}],"collection":[{"href":"https:\/\/www.hermannrs.be\/web\/wp-json\/wp\/v2\/pages"}],"about":[{"href":"https:\/\/www.hermannrs.be\/web\/wp-json\/wp\/v2\/types\/page"}],"author":[{"embeddable":true,"href":"https:\/\/www.hermannrs.be\/web\/wp-json\/wp\/v2\/users\/1"}],"replies":[{"embeddable":true,"href":"https:\/\/www.hermannrs.be\/web\/wp-json\/wp\/v2\/comments?post=2160"}],"version-history":[{"count":62,"href":"https:\/\/www.hermannrs.be\/web\/wp-json\/wp\/v2\/pages\/2160\/revisions"}],"predecessor-version":[{"id":2898,"href":"https:\/\/www.hermannrs.be\/web\/wp-json\/wp\/v2\/pages\/2160\/revisions\/2898"}],"wp:attachment":[{"href":"https:\/\/www.hermannrs.be\/web\/wp-json\/wp\/v2\/media?parent=2160"}],"curies":[{"name":"wp","href":"https:\/\/api.w.org\/{rel}","templated":true}]}}