{"id":2470,"date":"2023-03-28T12:11:30","date_gmt":"2023-03-28T10:11:30","guid":{"rendered":"https:\/\/dev.jardindigital.com\/www.hermannrs.be\/?page_id=2470"},"modified":"2023-04-06T07:37:41","modified_gmt":"2023-04-06T05:37:41","slug":"leistungen","status":"publish","type":"page","link":"https:\/\/www.hermannrs.be\/web\/leistungen\/","title":{"rendered":"Leistungen"},"content":{"rendered":"\t\t<div data-elementor-type=\"wp-page\" data-elementor-id=\"2470\" class=\"elementor elementor-2470\">\n\t\t\t\t\t\t<section class=\"elementor-section elementor-top-section elementor-element elementor-element-3728501 elementor-section-boxed elementor-section-height-default elementor-section-height-default\" data-id=\"3728501\" data-element_type=\"section\" data-e-type=\"section\">\n\t\t\t\t\t\t<div class=\"elementor-container elementor-column-gap-default\">\n\t\t\t\t\t<div class=\"elementor-column elementor-col-100 elementor-top-column elementor-element elementor-element-c3c4a00\" data-id=\"c3c4a00\" data-element_type=\"column\" data-e-type=\"column\">\n\t\t\t<div class=\"elementor-widget-wrap elementor-element-populated\">\n\t\t\t\t\t\t<div class=\"elementor-element elementor-element-f8f5561 elementor-widget elementor-widget-spacer\" data-id=\"f8f5561\" data-element_type=\"widget\" data-e-type=\"widget\" data-widget_type=\"spacer.default\">\n\t\t\t\t<div class=\"elementor-widget-container\">\n\t\t\t\t\t\t\t<div class=\"elementor-spacer\">\n\t\t\t<div class=\"elementor-spacer-inner\"><\/div>\n\t\t<\/div>\n\t\t\t\t\t\t<\/div>\n\t\t\t\t<\/div>\n\t\t\t\t\t<\/div>\n\t\t<\/div>\n\t\t\t\t\t<\/div>\n\t\t<\/section>\n\t\t\t\t<section class=\"elementor-section elementor-top-section elementor-element elementor-element-002145d elementor-section-content-middle elementor-section-boxed elementor-section-height-default elementor-section-height-default\" data-id=\"002145d\" data-element_type=\"section\" data-e-type=\"section\">\n\t\t\t\t\t\t<div class=\"elementor-container elementor-column-gap-no\">\n\t\t\t\t\t<div class=\"elementor-column elementor-col-100 elementor-top-column elementor-element elementor-element-1dffb9e\" data-id=\"1dffb9e\" data-element_type=\"column\" data-e-type=\"column\">\n\t\t\t<div class=\"elementor-widget-wrap elementor-element-populated\">\n\t\t\t\t\t\t<div class=\"elementor-element elementor-element-a8391ee elementor-widget elementor-widget-heading\" data-id=\"a8391ee\" data-element_type=\"widget\" data-e-type=\"widget\" data-widget_type=\"heading.default\">\n\t\t\t\t<div class=\"elementor-widget-container\">\n\t\t\t\t\t<h2 class=\"elementor-heading-title elementor-size-default\">Leistungen<\/h2>\t\t\t\t<\/div>\n\t\t\t\t<\/div>\n\t\t\t\t<div class=\"elementor-element elementor-element-eb7f010 elementor-widget elementor-widget-spacer\" data-id=\"eb7f010\" data-element_type=\"widget\" data-e-type=\"widget\" data-widget_type=\"spacer.default\">\n\t\t\t\t<div class=\"elementor-widget-container\">\n\t\t\t\t\t\t\t<div class=\"elementor-spacer\">\n\t\t\t<div class=\"elementor-spacer-inner\"><\/div>\n\t\t<\/div>\n\t\t\t\t\t\t<\/div>\n\t\t\t\t<\/div>\n\t\t\t\t<div class=\"elementor-element elementor-element-cae0e12 elementor-widget elementor-widget-heading\" data-id=\"cae0e12\" data-element_type=\"widget\" data-e-type=\"widget\" data-widget_type=\"heading.default\">\n\t\t\t\t<div class=\"elementor-widget-container\">\n\t\t\t\t\t<h1 class=\"elementor-heading-title elementor-size-default\">Allgemeines Bauunternehmen in der Region<\/h1>\t\t\t\t<\/div>\n\t\t\t\t<\/div>\n\t\t\t\t<div class=\"elementor-element elementor-element-1b4de78 elementor-widget elementor-widget-spacer\" data-id=\"1b4de78\" data-element_type=\"widget\" data-e-type=\"widget\" data-widget_type=\"spacer.default\">\n\t\t\t\t<div class=\"elementor-widget-container\">\n\t\t\t\t\t\t\t<div class=\"elementor-spacer\">\n\t\t\t<div class=\"elementor-spacer-inner\"><\/div>\n\t\t<\/div>\n\t\t\t\t\t\t<\/div>\n\t\t\t\t<\/div>\n\t\t\t\t\t<\/div>\n\t\t<\/div>\n\t\t\t\t\t<\/div>\n\t\t<\/section>\n\t\t\t\t<section class=\"elementor-section elementor-top-section elementor-element elementor-element-9cfabf9 elementor-section-boxed elementor-section-height-default elementor-section-height-default\" data-id=\"9cfabf9\" data-element_type=\"section\" data-e-type=\"section\">\n\t\t\t\t\t\t<div class=\"elementor-container elementor-column-gap-default\">\n\t\t\t\t\t<div class=\"elementor-column elementor-col-100 elementor-top-column elementor-element elementor-element-1c382e7\" data-id=\"1c382e7\" data-element_type=\"column\" data-e-type=\"column\">\n\t\t\t<div class=\"elementor-widget-wrap elementor-element-populated\">\n\t\t\t\t\t\t<div class=\"elementor-element elementor-element-ca2cb95 hover-effect-style-1 elementor-widget elementor-widget-mae-service-carousel\" data-id=\"ca2cb95\" data-element_type=\"widget\" data-e-type=\"widget\" data-widget_type=\"mae-service-carousel.default\">\n\t\t\t\t<div class=\"elementor-widget-container\">\n\t\t\t\t\t\n        <div class=\"master-carousel-box mlr-1913599602\" data-config='{\"column\":\"3\",\"gap\":\"30px\",\"arrowPosition\":null,\"arrowMiddleOffset\":null,\"arrowTopOffset\":null,\"dotOffset\":\"60px\",\"fullRight\":false,\"autoPlay\":true,\"prevNextButtons\":false,\"pageDots\":true}'>\n                            <div class=\"master-service  item-carousel sep-before\">\n                    <div class=\"thumb\">\n                        <img decoding=\"async\" src=\"https:\/\/www.hermannrs.be\/web\/wp-content\/uploads\/2023\/03\/hermann-rs-neubauten_rohbau-600x450-1.png\" alt=\"Image\" \/>\n                    <\/div>\n\n                    <div class=\"content-wrap\">\n                        <h3 class=\"headline-2\">Neubauten &amp; Rohbau<\/h3><div class=\"sep\"><\/div><div class=\"desc\"><p>Bodenplatten, Mauerarbeiten, Betondecken, \u2026<br \/>(Einfamilienhaus oder Appartement)<\/p><\/div>            <div class=\"url-wrap\">\n                <a class=\"master-link  icon-right\" href=\"https:\/\/www.hermannrs.be\/web\/leistungen\/neubauten-rohbau\/\" >\n                                        <span>MEHR<\/span>\n                    <span class=\"icon fa fa-arrow-right\"><\/span>                <\/a>\n            <\/div>\n\n                                <\/div>\n                <\/div>\n                            <div class=\"master-service  item-carousel sep-before\">\n                    <div class=\"thumb\">\n                        <img decoding=\"async\" src=\"https:\/\/www.hermannrs.be\/web\/wp-content\/uploads\/2023\/03\/hermann-rs-renovierung-600x450-1.png\" alt=\"Image\" \/>\n                    <\/div>\n\n                    <div class=\"content-wrap\">\n                        <h3 class=\"headline-2\">Renovierungen<\/h3><div class=\"sep\"><\/div><div class=\"desc\"><p>Entkernen, Mauerarbeiten, Betonarbeiten<\/p><\/div>            <div class=\"url-wrap\">\n                <a class=\"master-link  icon-right\" href=\"https:\/\/www.hermannrs.be\/web\/leistungen\/renovierungen\/\" >\n                                        <span>MEHR<\/span>\n                    <span class=\"icon fa fa-arrow-right\"><\/span>                <\/a>\n            <\/div>\n\n                                <\/div>\n                <\/div>\n                            <div class=\"master-service  item-carousel sep-before\">\n                    <div class=\"thumb\">\n                        <img decoding=\"async\" src=\"https:\/\/www.hermannrs.be\/web\/wp-content\/uploads\/2023\/03\/hermann-rs-fundament-600x450-1.png\" alt=\"Image\" \/>\n                    <\/div>\n\n                    <div class=\"content-wrap\">\n                        <h3 class=\"headline-2\">Fundamente<\/h3><div class=\"sep\"><\/div><div class=\"desc\"><p>Fundamente und Bodenplatten von Hallen, Toren \u2026<br \/>Industrie &amp; privat<\/p><\/div>            <div class=\"url-wrap\">\n                <a class=\"master-link  icon-right\" href=\"https:\/\/www.hermannrs.be\/web\/leistungen\/fundamente\/\" >\n                                        <span>MEHR<\/span>\n                    <span class=\"icon fa fa-arrow-right\"><\/span>                <\/a>\n            <\/div>\n\n                                <\/div>\n                <\/div>\n                            <div class=\"master-service  item-carousel sep-before\">\n                    <div class=\"thumb\">\n                        <img decoding=\"async\" src=\"https:\/\/www.hermannrs.be\/web\/wp-content\/uploads\/2023\/03\/hermann-rs-aussenanlage-600x450-1.png\" alt=\"Image\" \/>\n                    <\/div>\n\n                    <div class=\"content-wrap\">\n                        <h3 class=\"headline-2\">Au\u00dfenanlagen<\/h3><div class=\"sep\"><\/div><div class=\"desc\"><p>H\u00f6fe, Terrassen, Eing\u00e4nge, ...<\/p><\/div>            <div class=\"url-wrap\">\n                <a class=\"master-link  icon-right\" href=\"https:\/\/www.hermannrs.be\/web\/leistungen\/aussenanlagen\/\" >\n                                        <span>MEHR<\/span>\n                    <span class=\"icon fa fa-arrow-right\"><\/span>                <\/a>\n            <\/div>\n\n                                <\/div>\n                <\/div>\n                            <div class=\"master-service  item-carousel sep-before\">\n                    <div class=\"thumb\">\n                        <img decoding=\"async\" src=\"https:\/\/www.hermannrs.be\/web\/wp-content\/uploads\/2023\/03\/hermann-rs-baggerarbeiten-600x450-1.png\" alt=\"Image\" \/>\n                    <\/div>\n\n                    <div class=\"content-wrap\">\n                        <h3 class=\"headline-2\">Erdarbeiten &amp; Abrissarbeiten<\/h3><div class=\"sep\"><\/div>            <div class=\"url-wrap\">\n                <a class=\"master-link  icon-right\" href=\"https:\/\/www.hermannrs.be\/web\/leistungen\/erdarbeiten-abrissarbeiten\/\" >\n                                        <span>MEHR<\/span>\n                    <span class=\"icon fa fa-arrow-right\"><\/span>                <\/a>\n            <\/div>\n\n                                <\/div>\n                <\/div>\n                            <div class=\"master-service  item-carousel sep-before\">\n                    <div class=\"thumb\">\n                        <img decoding=\"async\" src=\"https:\/\/www.hermannrs.be\/web\/wp-content\/uploads\/2023\/03\/hermann-rs-klaeranlagen-600x450-1.png\" alt=\"Image\" \/>\n                    <\/div>\n\n                    <div class=\"content-wrap\">\n                        <h3 class=\"headline-2\">Einsetzen von<\/h3><div class=\"sep\"><\/div><div class=\"desc\"><p>Kl\u00e4ranlagen und Wasserzisternen<\/p><\/div>            <div class=\"url-wrap\">\n                <a class=\"master-link  icon-right\" href=\"https:\/\/www.hermannrs.be\/web\/leistungen\/klaeranlagen-wasserzisterne\/\" >\n                                        <span>MEHR<\/span>\n                    <span class=\"icon fa fa-arrow-right\"><\/span>                <\/a>\n            <\/div>\n\n                                <\/div>\n                <\/div>\n                    <\/div>\n\n        \t\t\t\t<\/div>\n\t\t\t\t<\/div>\n\t\t\t\t<div class=\"elementor-element elementor-element-e3b2a2c elementor-widget elementor-widget-spacer\" data-id=\"e3b2a2c\" data-element_type=\"widget\" data-e-type=\"widget\" data-widget_type=\"spacer.default\">\n\t\t\t\t<div class=\"elementor-widget-container\">\n\t\t\t\t\t\t\t<div class=\"elementor-spacer\">\n\t\t\t<div class=\"elementor-spacer-inner\"><\/div>\n\t\t<\/div>\n\t\t\t\t\t\t<\/div>\n\t\t\t\t<\/div>\n\t\t\t\t\t<\/div>\n\t\t<\/div>\n\t\t\t\t\t<\/div>\n\t\t<\/section>\n\t\t\t\t<section class=\"elementor-section elementor-top-section elementor-element elementor-element-1ca6d20 elementor-section-boxed elementor-section-height-default elementor-section-height-default\" data-id=\"1ca6d20\" data-element_type=\"section\" data-e-type=\"section\">\n\t\t\t\t\t\t<div class=\"elementor-container elementor-column-gap-default\">\n\t\t\t\t\t<div class=\"elementor-column elementor-col-100 elementor-top-column elementor-element elementor-element-dd3cc49\" data-id=\"dd3cc49\" data-element_type=\"column\" data-e-type=\"column\">\n\t\t\t<div class=\"elementor-widget-wrap elementor-element-populated\">\n\t\t\t\t\t\t<section class=\"elementor-section elementor-inner-section elementor-element elementor-element-49fc390 elementor-section-boxed elementor-section-height-default elementor-section-height-default\" data-id=\"49fc390\" data-element_type=\"section\" data-e-type=\"section\" data-settings=\"{&quot;background_background&quot;:&quot;classic&quot;}\">\n\t\t\t\t\t\t<div class=\"elementor-container elementor-column-gap-default\">\n\t\t\t\t\t<div class=\"elementor-column elementor-col-100 elementor-inner-column elementor-element elementor-element-bf1bd63\" data-id=\"bf1bd63\" data-element_type=\"column\" data-e-type=\"column\">\n\t\t\t<div class=\"elementor-widget-wrap elementor-element-populated\">\n\t\t\t\t\t\t<div class=\"elementor-element elementor-element-f7b82da elementor-widget elementor-widget-heading\" data-id=\"f7b82da\" data-element_type=\"widget\" data-e-type=\"widget\" data-widget_type=\"heading.default\">\n\t\t\t\t<div class=\"elementor-widget-container\">\n\t\t\t\t\t<h3 class=\"elementor-heading-title elementor-size-default\">Sie m\u00f6chten ein unverbindliches Angebot?<\/h3>\t\t\t\t<\/div>\n\t\t\t\t<\/div>\n\t\t\t\t<div class=\"elementor-element elementor-element-1d401c1 elementor-align-center elementor-widget elementor-widget-button\" data-id=\"1d401c1\" data-element_type=\"widget\" data-e-type=\"widget\" data-widget_type=\"button.default\">\n\t\t\t\t<div class=\"elementor-widget-container\">\n\t\t\t\t\t\t\t\t\t<div class=\"elementor-button-wrapper\">\n\t\t\t\t\t<a class=\"elementor-button elementor-button-link elementor-size-sm\" href=\"https:\/\/www.hermannrs.be\/web\/kontakt\/\">\n\t\t\t\t\t\t<span class=\"elementor-button-content-wrapper\">\n\t\t\t\t\t\t\t\t\t<span class=\"elementor-button-text\">Kontaktieren Sie uns<\/span>\n\t\t\t\t\t<\/span>\n\t\t\t\t\t<\/a>\n\t\t\t\t<\/div>\n\t\t\t\t\t\t\t\t<\/div>\n\t\t\t\t<\/div>\n\t\t\t\t\t<\/div>\n\t\t<\/div>\n\t\t\t\t\t<\/div>\n\t\t<\/section>\n\t\t\t\t<div class=\"elementor-element elementor-element-abc453e elementor-widget elementor-widget-spacer\" data-id=\"abc453e\" data-element_type=\"widget\" data-e-type=\"widget\" data-widget_type=\"spacer.default\">\n\t\t\t\t<div class=\"elementor-widget-container\">\n\t\t\t\t\t\t\t<div class=\"elementor-spacer\">\n\t\t\t<div class=\"elementor-spacer-inner\"><\/div>\n\t\t<\/div>\n\t\t\t\t\t\t<\/div>\n\t\t\t\t<\/div>\n\t\t\t\t\t<\/div>\n\t\t<\/div>\n\t\t\t\t\t<\/div>\n\t\t<\/section>\n\t\t\t\t<\/div>\n\t\t","protected":false},"excerpt":{"rendered":"<p>Leistungen Allgemeines Bauunternehmen in der Region Neubauten &amp; Rohbau Bodenplatten, Mauerarbeiten, Betondecken, \u2026(Einfamilienhaus oder Appartement) MEHR Renovierungen Entkernen, Mauerarbeiten, Betonarbeiten MEHR Fundamente Fundamente und Bodenplatten von Hallen, Toren \u2026Industrie &amp; privat MEHR Au\u00dfenanlagen H\u00f6fe, Terrassen, Eing\u00e4nge, &#8230; MEHR Erdarbeiten &amp; Abrissarbeiten MEHR Einsetzen von Kl\u00e4ranlagen und Wasserzisternen MEHR Sie m\u00f6chten<\/p>\n","protected":false},"author":1,"featured_media":0,"parent":0,"menu_order":0,"comment_status":"closed","ping_status":"closed","template":"","meta":{"footnotes":""},"class_list":["post-2470","page","type-page","status-publish","hentry"],"aioseo_notices":[],"_links":{"self":[{"href":"https:\/\/www.hermannrs.be\/web\/wp-json\/wp\/v2\/pages\/2470","targetHints":{"allow":["GET"]}}],"collection":[{"href":"https:\/\/www.hermannrs.be\/web\/wp-json\/wp\/v2\/pages"}],"about":[{"href":"https:\/\/www.hermannrs.be\/web\/wp-json\/wp\/v2\/types\/page"}],"author":[{"embeddable":true,"href":"https:\/\/www.hermannrs.be\/web\/wp-json\/wp\/v2\/users\/1"}],"replies":[{"embeddable":true,"href":"https:\/\/www.hermannrs.be\/web\/wp-json\/wp\/v2\/comments?post=2470"}],"version-history":[{"count":22,"href":"https:\/\/www.hermannrs.be\/web\/wp-json\/wp\/v2\/pages\/2470\/revisions"}],"predecessor-version":[{"id":2770,"href":"https:\/\/www.hermannrs.be\/web\/wp-json\/wp\/v2\/pages\/2470\/revisions\/2770"}],"wp:attachment":[{"href":"https:\/\/www.hermannrs.be\/web\/wp-json\/wp\/v2\/media?parent=2470"}],"curies":[{"name":"wp","href":"https:\/\/api.w.org\/{rel}","templated":true}]}}